{"id":1235,"date":"2016-05-26T15:26:13","date_gmt":"2016-05-26T13:26:13","guid":{"rendered":"https:\/\/www.rovelver.com\/contact\/"},"modified":"2022-11-29T14:24:42","modified_gmt":"2022-11-29T13:24:42","slug":"iletisim","status":"publish","type":"page","link":"https:\/\/rovelver.com\/tr\/iletisim\/","title":{"rendered":"\u0130leti\u015fim"},"content":{"rendered":"<p><div class=\"fusion-fullwidth fullwidth-box fusion-builder-row-1 nonhundred-percent-fullwidth non-hundred-percent-height-scrolling\" style=\"--awb-background-position:left top;--awb-border-sizes-top:0px;--awb-border-sizes-bottom:0px;--awb-border-sizes-left:0px;--awb-border-sizes-right:0px;--awb-border-radius-top-left:0px;--awb-border-radius-top-right:0px;--awb-border-radius-bottom-right:0px;--awb-border-radius-bottom-left:0px;--awb-padding-top:30px;--awb-padding-right:0px;--awb-padding-bottom:20px;--awb-padding-left:0px;--awb-background-color:#000000;--awb-flex-wrap:wrap;\" ><div class=\"fusion-builder-row fusion-row\"><div class=\"fusion-layout-column fusion_builder_column fusion-builder-column-0 fusion_builder_column_1_1 1_1 fusion-one-full fusion-column-first fusion-column-last fusion-column-no-min-height\" style=\"--awb-bg-size:cover;--awb-margin-bottom:0px;\"><div class=\"fusion-column-wrapper fusion-flex-column-wrapper-legacy\"><div class=\"fusion-text fusion-text-1\"><h2 style=\"text-align: center;\"><span style=\"color: #ffffff;\">\u015e\u0130RKETLER\u0130M\u0130Z<\/span><\/h2>\n<\/div><div class=\"fusion-clearfix\"><\/div><\/div><\/div><\/div><\/div><div class=\"fusion-fullwidth fullwidth-box fusion-builder-row-2 hundred-percent-fullwidth non-hundred-percent-height-scrolling\" style=\"--awb-border-radius-top-left:0px;--awb-border-radius-top-right:0px;--awb-border-radius-bottom-right:0px;--awb-border-radius-bottom-left:0px;--awb-flex-wrap:wrap;\" ><div class=\"fusion-builder-row fusion-row\"><div class=\"fusion-layout-column fusion_builder_column fusion-builder-column-1 fusion_builder_column_1_1 1_1 fusion-one-full fusion-column-first fusion-column-last fusion-column-no-min-height\" style=\"--awb-bg-size:cover;--awb-margin-bottom:0px;\"><div class=\"fusion-column-wrapper fusion-flex-column-wrapper-legacy\"><div class=\"fusion-section-separator section-separator triangle fusion-section-separator-1\" style=\"--awb-border-bottom:0px solid rgba(246,246,246,0);--awb-spacer-height:0px;--awb-svg-margin-left:0;--awb-svg-margin-right:0;--awb-icon-color:#ffffff;\"><div class=\"fusion-section-separator-svg\"><div class=\"divider-candy-arrow bottom\" style=\"top:0px;border-top-color: #000000;\"><\/div><div class=\"divider-candy bottom\" style=\"bottom:-20px;border-bottom:1px solid rgba(246,246,246,0);border-left:1px solid rgba(246,246,246,0);\"><\/div><\/div><div class=\"fusion-section-separator-spacer\"><div class=\"fusion-section-separator-spacer-height\"><\/div><\/div><\/div><div class=\"fusion-clearfix\"><\/div><\/div><\/div><\/div><\/div><div class=\"fusion-fullwidth fullwidth-box fusion-builder-row-3 nonhundred-percent-fullwidth non-hundred-percent-height-scrolling fusion-equal-height-columns\" style=\"--awb-border-radius-top-left:0px;--awb-border-radius-top-right:0px;--awb-border-radius-bottom-right:0px;--awb-border-radius-bottom-left:0px;--awb-padding-top:45px;--awb-background-color:#1e1e1e;--awb-flex-wrap:wrap;\" ><div class=\"fusion-builder-row fusion-row\"><div class=\"fusion-layout-column fusion_builder_column fusion-builder-column-2 fusion_builder_column_1_2 1_2 fusion-one-half fusion-column-first\" style=\"--awb-padding-top:45px;--awb-padding-right:0px;--awb-padding-bottom:45px;--awb-padding-left:0px;--awb-bg-color:#000000;--awb-bg-color-hover:#000000;--awb-bg-size:cover;width:50%;width:calc(50% - ( ( 4% ) * 0.5 ) );margin-right: 4%;\"><div class=\"fusion-column-wrapper fusion-column-has-shadow fusion-flex-column-wrapper-legacy\"><div class=\"fusion-title title fusion-title-1 fusion-sep-none fusion-title-center fusion-title-text fusion-title-size-three\" style=\"--awb-margin-top-small:0px;--awb-margin-bottom-small:20px;\"><h3 class=\"fusion-title-heading title-heading-center fusion-responsive-typography-calculated\" style=\"margin:0;--fontSize:32;line-height:1.13;\"><h4 class=\"title-heading-center fusion-responsive-typography-calculated\" data-fontsize=\"24\" data-lineheight=\"25.92px\">T\u00dcRK\u0130YE<\/h4><\/h3><\/div><div class=\"fusion-sep-clear\"><\/div><div class=\"fusion-separator\" style=\"margin-left: auto;margin-right: auto;margin-top:0px;margin-bottom:0px;width:100%;max-width:45%;\"><div class=\"fusion-separator-border sep-single sep-solid\" style=\"--awb-height:20px;--awb-amount:20px;--awb-sep-color:#3d3d3d;border-color:#3d3d3d;border-top-width:1px;\"><\/div><\/div><div class=\"fusion-sep-clear\"><\/div><div class=\"fusion-text fusion-text-2\"><p style=\"text-align: center;\"><strong><span style=\"color: #ff0000;\">Rovelver Vip Oto Dizayn<\/span><br \/>\n<\/strong>Demircik\u00f6y OSB 2.Sokak No:16\/01<br \/>\nDemirci K\u00f6y\u00fc<br \/>\nMerkez\/S\u0130NOP<\/p>\n<\/div><div class=\"fusion-text fusion-text-3\"><p style=\"text-align: center;\"><span style=\"color: #ffffff;\">E-mail: info@rovelver.com.tr<\/span><\/p>\n<\/div><div class=\"fusion-text fusion-text-4\" style=\"--awb-text-transform:none;\"><p id=\"u1695-5\" style=\"text-align: center;\">Tel:<strong> <span style=\"color: #ff0000;\">+90 368 284 73 03<\/span><span style=\"color: #ff0000;\"><br \/>\n<\/span><\/strong><\/p>\n<\/div><div class=\"fusion-clearfix\"><\/div><\/div><\/div><div class=\"fusion-layout-column fusion_builder_column fusion-builder-column-3 fusion_builder_column_1_2 1_2 fusion-one-half fusion-column-last\" style=\"--awb-padding-top:45px;--awb-padding-right:0px;--awb-padding-bottom:45px;--awb-padding-left:0px;--awb-bg-color:#000000;--awb-bg-color-hover:#000000;--awb-bg-size:cover;width:50%;width:calc(50% - ( ( 4% ) * 0.5 ) );\"><div class=\"fusion-column-wrapper fusion-column-has-shadow fusion-flex-column-wrapper-legacy\"><div class=\"fusion-title title fusion-title-2 fusion-sep-none fusion-title-center fusion-title-text fusion-title-size-three\" style=\"--awb-margin-top-small:0px;--awb-margin-bottom-small:20px;\"><h3 class=\"fusion-title-heading title-heading-center fusion-responsive-typography-calculated\" style=\"margin:0;--fontSize:32;line-height:1.13;\"><h4 class=\"title-heading-center fusion-responsive-typography-calculated\" data-fontsize=\"24\" data-lineheight=\"25.92px\">ALMANYA<\/h4><\/h3><\/div><div class=\"fusion-sep-clear\"><\/div><div class=\"fusion-separator\" style=\"margin-left: auto;margin-right: auto;margin-top:0px;margin-bottom:0px;width:100%;max-width:45%;\"><div class=\"fusion-separator-border sep-single sep-solid\" style=\"--awb-height:20px;--awb-amount:20px;--awb-sep-color:#3d3d3d;border-color:#3d3d3d;border-top-width:1px;\"><\/div><\/div><div class=\"fusion-sep-clear\"><\/div><div class=\"fusion-text fusion-text-5\"><p style=\"text-align: center;\"><span style=\"color: #ff0000;\"><strong>Rovelver Vip Auto Design GmbH<\/strong><\/span><br \/>\n<span style=\"color: #ffffff;\">Arnold \u2013 Dehnen str. 45,<\/span><br \/>\n<span style=\"color: #ffffff;\">47138 Duisburg<\/span><br \/>\n<span style=\"color: #ffffff;\">Almanya<\/span><\/p>\n<\/div><div class=\"fusion-text fusion-text-6\"><p style=\"text-align: center;\"><span style=\"color: #ffffff;\"><br \/>\nE-mail: info@rovelver.de<\/span><\/p>\n<\/div><div class=\"fusion-text fusion-text-7\" style=\"--awb-text-transform:none;\"><p id=\"u1695-5\" style=\"text-align: center;\">Tel:<strong><span style=\"color: #ffffff;\"><span style=\"color: #ff0000;\">+49 203 3178 9122<\/span><br \/>\n<span style=\"color: #ff0000;\">\u00a0 \u00a0 +49 172 734 5757<\/span><\/span><span style=\"color: #ff0000;\"><br \/>\n<\/span><\/strong><\/p>\n<\/div><div class=\"fusion-clearfix\"><\/div><\/div><\/div><\/div><\/div><div class=\"fusion-fullwidth fullwidth-box fusion-builder-row-4 has-pattern-background has-mask-background nonhundred-percent-fullwidth non-hundred-percent-height-scrolling\" style=\"--awb-background-position:left top;--awb-border-sizes-top:0px;--awb-border-sizes-bottom:0px;--awb-border-sizes-left:0px;--awb-border-sizes-right:0px;--awb-border-radius-top-left:0px;--awb-border-radius-top-right:0px;--awb-border-radius-bottom-right:0px;--awb-border-radius-bottom-left:0px;--awb-padding-top:20px;--awb-padding-right:0px;--awb-padding-left:0px;--awb-background-color:#000000;--awb-flex-wrap:wrap;\" ><div class=\"fusion-builder-row fusion-row\"><div class=\"fusion-layout-column fusion_builder_column fusion-builder-column-4 fusion_builder_column_1_1 1_1 fusion-one-full fusion-column-first fusion-column-last fusion-column-no-min-height\" style=\"--awb-bg-size:cover;--awb-margin-bottom:0px;\"><div class=\"fusion-column-wrapper fusion-flex-column-wrapper-legacy\"><div class=\"fusion-image-element fusion-image-align-center in-legacy-container\" style=\"text-align:center;--awb-caption-title-font-family:var(--h2_typography-font-family);--awb-caption-title-font-weight:var(--h2_typography-font-weight);--awb-caption-title-font-style:var(--h2_typography-font-style);--awb-caption-title-size:var(--h2_typography-font-size);--awb-caption-title-transform:var(--h2_typography-text-transform);--awb-caption-title-line-height:var(--h2_typography-line-height);--awb-caption-title-letter-spacing:var(--h2_typography-letter-spacing);\"><div class=\"imageframe-align-center\"><span class=\" fusion-imageframe imageframe-none imageframe-1 hover-type-none\"><img decoding=\"async\" width=\"1024\" height=\"670\" title=\"aaaaaaa\" src=\"https:\/\/rovelver.com\/wp-content\/uploads\/2022\/11\/aaaaaaa-1024x670.png\" alt class=\"img-responsive wp-image-13268\" srcset=\"https:\/\/rovelver.com\/wp-content\/uploads\/2022\/11\/aaaaaaa-200x131.png 200w, https:\/\/rovelver.com\/wp-content\/uploads\/2022\/11\/aaaaaaa-400x262.png 400w, https:\/\/rovelver.com\/wp-content\/uploads\/2022\/11\/aaaaaaa-600x393.png 600w, https:\/\/rovelver.com\/wp-content\/uploads\/2022\/11\/aaaaaaa-800x524.png 800w, https:\/\/rovelver.com\/wp-content\/uploads\/2022\/11\/aaaaaaa-1200x785.png 1200w\" sizes=\"(max-width: 800px) 100vw, 1200px\" \/><\/span><\/div><\/div><div class=\"fusion-clearfix\"><\/div><\/div><\/div><\/div><\/div><div class=\"fusion-fullwidth fullwidth-box fusion-builder-row-5 nonhundred-percent-fullwidth non-hundred-percent-height-scrolling\" style=\"--awb-background-position:left top;--awb-border-sizes-top:0px;--awb-border-sizes-bottom:0px;--awb-border-sizes-left:0px;--awb-border-sizes-right:0px;--awb-border-radius-top-left:0px;--awb-border-radius-top-right:0px;--awb-border-radius-bottom-right:0px;--awb-border-radius-bottom-left:0px;--awb-padding-top:20px;--awb-padding-right:0px;--awb-padding-left:0px;--awb-background-color:#eaeaea;--awb-flex-wrap:wrap;\" ><div class=\"fusion-builder-row fusion-row\"><div class=\"fusion-layout-column fusion_builder_column fusion-builder-column-5 fusion_builder_column_1_1 1_1 fusion-one-full fusion-column-first fusion-column-last fusion-column-no-min-height\" style=\"--awb-bg-size:cover;--awb-margin-bottom:0px;\"><div class=\"fusion-column-wrapper fusion-flex-column-wrapper-legacy\"><div class=\"fusion-text fusion-text-8\"><h3 class=\"title-heading-center\" style=\"text-align: center;\" data-fontsize=\"22\" data-lineheight=\"33\"><span style=\"color: #333333;\">\u0130LET\u0130\u015e\u0130M<\/span><\/h3>\n<\/div><div class=\"fusion-sep-clear\"><\/div><div class=\"fusion-separator fusion-full-width-sep\" style=\"margin-left: auto;margin-right: auto;margin-top:20px;width:100%;\"><\/div><div class=\"fusion-sep-clear\"><\/div><div class=\"fusion-clearfix\"><\/div><\/div><\/div><\/div><\/div><div class=\"fusion-fullwidth fullwidth-box fusion-builder-row-6 nonhundred-percent-fullwidth non-hundred-percent-height-scrolling\" style=\"--awb-background-position:left top;--awb-border-sizes-top:0px;--awb-border-sizes-bottom:0px;--awb-border-sizes-left:0px;--awb-border-sizes-right:0px;--awb-border-radius-top-left:0px;--awb-border-radius-top-right:0px;--awb-border-radius-bottom-right:0px;--awb-border-radius-bottom-left:0px;--awb-padding-top:55px;--awb-background-color:#eaeaea;--awb-flex-wrap:wrap;\" ><div class=\"fusion-builder-row fusion-row\"><div class=\"fusion-layout-column fusion_builder_column fusion-builder-column-6 fusion_builder_column_1_5 1_5 fusion-one-fifth fusion-column-first\" style=\"--awb-bg-size:cover;width:16.8%; margin-right: 4%;\"><div class=\"fusion-column-wrapper fusion-flex-column-wrapper-legacy\"><div class=\"fusion-clearfix\"><\/div><\/div><\/div><div class=\"fusion-layout-column fusion_builder_column fusion-builder-column-7 fusion_builder_column_3_5 3_5 fusion-three-fifth\" style=\"--awb-bg-size:cover;width:58.4%; margin-right: 4%;\"><div class=\"fusion-column-wrapper fusion-flex-column-wrapper-legacy\">\n<div class=\"wpcf7 no-js\" id=\"wpcf7-f2383-o1\" lang=\"\" dir=\"ltr\" data-wpcf7-id=\"2383\">\n<div class=\"screen-reader-response\"><p role=\"status\" aria-live=\"polite\" aria-atomic=\"true\"><\/p> <ul><\/ul><\/div>\n<form action=\"\/tr\/wp-json\/wp\/v2\/pages\/1235#wpcf7-f2383-o1\" method=\"post\" class=\"wpcf7-form init\" aria-label=\"\u0130leti\u015fim Formu\" novalidate=\"novalidate\" data-status=\"init\">\n<div style=\"display: none;\">\n<input type=\"hidden\" name=\"_wpcf7\" value=\"2383\" \/>\n<input type=\"hidden\" name=\"_wpcf7_version\" value=\"6.0.6\" \/>\n<input type=\"hidden\" name=\"_wpcf7_locale\" value=\"\" \/>\n<input type=\"hidden\" name=\"_wpcf7_unit_tag\" value=\"wpcf7-f2383-o1\" \/>\n<input type=\"hidden\" name=\"_wpcf7_container_post\" value=\"0\" \/>\n<input type=\"hidden\" name=\"_wpcf7_posted_data_hash\" value=\"\" \/>\n<\/div>\n<p>Ad\u0131n\u0131z Soyad\u0131n\u0131z (Gerekli)\n<\/p>\n<p><span class=\"wpcf7-form-control-wrap\" data-name=\"your-name\"><input size=\"40\" maxlength=\"400\" class=\"wpcf7-form-control wpcf7-text wpcf7-validates-as-required\" aria-required=\"true\" aria-invalid=\"false\" value=\"\" type=\"text\" name=\"your-name\" \/><\/span>\n<\/p>\n<p>E-posta (Gerekli)\n<\/p>\n<p><span class=\"wpcf7-form-control-wrap\" data-name=\"your-email\"><input size=\"40\" maxlength=\"400\" class=\"wpcf7-form-control wpcf7-email wpcf7-validates-as-required wpcf7-text wpcf7-validates-as-email\" aria-required=\"true\" aria-invalid=\"false\" value=\"\" type=\"email\" name=\"your-email\" \/><\/span>\n<\/p>\n<p>\u00dclke (Gerekli)\n<\/p>\n<p><span class=\"wpcf7-form-control-wrap\" data-name=\"your-country\"><input size=\"40\" maxlength=\"400\" class=\"wpcf7-form-control wpcf7-text wpcf7-validates-as-required\" aria-required=\"true\" aria-invalid=\"false\" value=\"\" type=\"text\" name=\"your-country\" \/><\/span>\n<\/p>\n<p>Telefon numaran\u0131z\n<\/p>\n<p><span class=\"wpcf7-form-control-wrap\" data-name=\"your-number\"><input size=\"40\" maxlength=\"400\" class=\"wpcf7-form-control wpcf7-text\" aria-invalid=\"false\" value=\"\" type=\"text\" name=\"your-number\" \/><\/span>\n<\/p>\n<p>Konu ba\u015fl\u0131\u011f\u0131\n<\/p>\n<p><span class=\"wpcf7-form-control-wrap\" data-name=\"your-subject\"><input size=\"40\" maxlength=\"400\" class=\"wpcf7-form-control wpcf7-text\" aria-invalid=\"false\" value=\"\" type=\"text\" name=\"your-subject\" \/><\/span>\n<\/p>\n<p>Taleplerinizi buraya yaz\u0131n\u0131z.\n<\/p>\n<p><span class=\"wpcf7-form-control-wrap\" data-name=\"your-message\"><textarea cols=\"40\" rows=\"10\" maxlength=\"2000\" class=\"wpcf7-form-control wpcf7-textarea\" aria-invalid=\"false\" name=\"your-message\"><\/textarea><\/span>\n<\/p>\n<p><input class=\"wpcf7-form-control wpcf7-submit has-spinner\" type=\"submit\" value=\"G\u00d6NDER\" \/>\n<\/p><div class=\"fusion-alert alert custom alert-custom fusion-alert-center wpcf7-response-output fusion-alert-capitalize awb-alert-native-link-color alert-dismissable awb-alert-close-boxed\" style=\"--awb-border-top-left-radius:0px;--awb-border-top-right-radius:0px;--awb-border-bottom-left-radius:0px;--awb-border-bottom-right-radius:0px;\" role=\"alert\"><div class=\"fusion-alert-content-wrapper\"><span class=\"fusion-alert-content\"><\/span><\/div><button type=\"button\" class=\"close toggle-alert\" data-dismiss=\"alert\" aria-label=\"Close\">&times;<\/button><\/div>\n<\/form>\n<\/div>\n<div class=\"fusion-clearfix\"><\/div><\/div><\/div><div class=\"fusion-layout-column fusion_builder_column fusion-builder-column-8 fusion_builder_column_1_5 1_5 fusion-one-fifth fusion-column-last\" style=\"--awb-bg-size:cover;width:16.8%;\"><div class=\"fusion-column-wrapper fusion-flex-column-wrapper-legacy\"><div class=\"fusion-clearfix\"><\/div><\/div><\/div><\/div><\/div><\/p>\n","protected":false},"excerpt":{"rendered":"","protected":false},"author":1,"featured_media":2955,"parent":0,"menu_order":0,"comment_status":"closed","ping_status":"closed","template":"100-width.php","meta":{"footnotes":""},"class_list":["post-1235","page","type-page","status-publish","has-post-thumbnail","hentry"],"yoast_head":"<!-- This site is optimized with the Yoast SEO plugin v25.6 - https:\/\/yoast.com\/wordpress\/plugins\/seo\/ -->\n<title>Contact - Rovelver Vip Auto Design GmbH<\/title>\n<meta name=\"description\" content=\"Good products demand good service. Therefore we look forward to getting in touch with you!\" \/>\n<meta name=\"robots\" content=\"index, follow, max-snippet:-1, max-image-preview:large, max-video-preview:-1\" \/>\n<link rel=\"canonical\" href=\"https:\/\/rovelver.com\/tr\/iletisim\/\" \/>\n<meta property=\"og:locale\" content=\"tr_TR\" \/>\n<meta property=\"og:type\" content=\"article\" \/>\n<meta property=\"og:title\" content=\"Contact - Rovelver Vip Auto Design GmbH\" \/>\n<meta property=\"og:description\" content=\"Good products demand good service. Therefore we look forward to getting in touch with you!\" \/>\n<meta property=\"og:url\" content=\"https:\/\/rovelver.com\/tr\/iletisim\/\" \/>\n<meta property=\"og:site_name\" content=\"Rovelver Vip Auto Design\" \/>\n<meta property=\"article:publisher\" content=\"https:\/\/www.facebook.com\/ROVELVER.de\" \/>\n<meta property=\"article:modified_time\" content=\"2022-11-29T13:24:42+00:00\" \/>\n<meta property=\"og:image\" content=\"https:\/\/rovelver.com\/wp-content\/uploads\/2018\/04\/dsc_0429-3.jpg\" \/>\n\t<meta property=\"og:image:width\" content=\"2000\" \/>\n\t<meta property=\"og:image:height\" content=\"1014\" \/>\n\t<meta property=\"og:image:type\" content=\"image\/jpeg\" \/>\n<meta name=\"twitter:card\" content=\"summary_large_image\" \/>\n<meta name=\"twitter:label1\" content=\"Tahmini okuma s\u00fcresi\" \/>\n\t<meta name=\"twitter:data1\" content=\"17 dakika\" \/>\n<script type=\"application\/ld+json\" class=\"yoast-schema-graph\">{\"@context\":\"https:\/\/schema.org\",\"@graph\":[{\"@type\":\"WebPage\",\"@id\":\"https:\/\/rovelver.com\/tr\/iletisim\/\",\"url\":\"https:\/\/rovelver.com\/tr\/iletisim\/\",\"name\":\"Contact - Rovelver Vip Auto Design GmbH\",\"isPartOf\":{\"@id\":\"https:\/\/rovelver.com\/tr\/#website\"},\"primaryImageOfPage\":{\"@id\":\"https:\/\/rovelver.com\/tr\/iletisim\/#primaryimage\"},\"image\":{\"@id\":\"https:\/\/rovelver.com\/tr\/iletisim\/#primaryimage\"},\"thumbnailUrl\":\"https:\/\/rovelver.com\/wp-content\/uploads\/2018\/04\/dsc_0429-3.jpg\",\"datePublished\":\"2016-05-26T13:26:13+00:00\",\"dateModified\":\"2022-11-29T13:24:42+00:00\",\"description\":\"Good products demand good service. Therefore we look forward to getting in touch with you!\",\"breadcrumb\":{\"@id\":\"https:\/\/rovelver.com\/tr\/iletisim\/#breadcrumb\"},\"inLanguage\":\"tr\",\"potentialAction\":[{\"@type\":\"ReadAction\",\"target\":[\"https:\/\/rovelver.com\/tr\/iletisim\/\"]}]},{\"@type\":\"ImageObject\",\"inLanguage\":\"tr\",\"@id\":\"https:\/\/rovelver.com\/tr\/iletisim\/#primaryimage\",\"url\":\"https:\/\/rovelver.com\/wp-content\/uploads\/2018\/04\/dsc_0429-3.jpg\",\"contentUrl\":\"https:\/\/rovelver.com\/wp-content\/uploads\/2018\/04\/dsc_0429-3.jpg\",\"width\":2000,\"height\":1014},{\"@type\":\"BreadcrumbList\",\"@id\":\"https:\/\/rovelver.com\/tr\/iletisim\/#breadcrumb\",\"itemListElement\":[{\"@type\":\"ListItem\",\"position\":1,\"name\":\"Home\",\"item\":\"https:\/\/rovelver.com\/tr\/\"},{\"@type\":\"ListItem\",\"position\":2,\"name\":\"\u0130leti\u015fim\"}]},{\"@type\":\"WebSite\",\"@id\":\"https:\/\/rovelver.com\/tr\/#website\",\"url\":\"https:\/\/rovelver.com\/tr\/\",\"name\":\"Rovelver Vip Auto Design\",\"description\":\"Rovelver VIP Auto Design | VANS | CARS | BUS | Luxury | Sprinter | Vito manufactures the finest vip vehicle conversions in the world\",\"potentialAction\":[{\"@type\":\"SearchAction\",\"target\":{\"@type\":\"EntryPoint\",\"urlTemplate\":\"https:\/\/rovelver.com\/tr\/?s={search_term_string}\"},\"query-input\":{\"@type\":\"PropertyValueSpecification\",\"valueRequired\":true,\"valueName\":\"search_term_string\"}}],\"inLanguage\":\"tr\"}]}<\/script>\n<!-- \/ Yoast SEO plugin. -->","yoast_head_json":{"title":"Contact - Rovelver Vip Auto Design GmbH","description":"Good products demand good service. Therefore we look forward to getting in touch with you!","robots":{"index":"index","follow":"follow","max-snippet":"max-snippet:-1","max-image-preview":"max-image-preview:large","max-video-preview":"max-video-preview:-1"},"canonical":"https:\/\/rovelver.com\/tr\/iletisim\/","og_locale":"tr_TR","og_type":"article","og_title":"Contact - Rovelver Vip Auto Design GmbH","og_description":"Good products demand good service. Therefore we look forward to getting in touch with you!","og_url":"https:\/\/rovelver.com\/tr\/iletisim\/","og_site_name":"Rovelver Vip Auto Design","article_publisher":"https:\/\/www.facebook.com\/ROVELVER.de","article_modified_time":"2022-11-29T13:24:42+00:00","og_image":[{"width":2000,"height":1014,"url":"https:\/\/rovelver.com\/wp-content\/uploads\/2018\/04\/dsc_0429-3.jpg","type":"image\/jpeg"}],"twitter_card":"summary_large_image","twitter_misc":{"Tahmini okuma s\u00fcresi":"17 dakika"},"schema":{"@context":"https:\/\/schema.org","@graph":[{"@type":"WebPage","@id":"https:\/\/rovelver.com\/tr\/iletisim\/","url":"https:\/\/rovelver.com\/tr\/iletisim\/","name":"Contact - Rovelver Vip Auto Design GmbH","isPartOf":{"@id":"https:\/\/rovelver.com\/tr\/#website"},"primaryImageOfPage":{"@id":"https:\/\/rovelver.com\/tr\/iletisim\/#primaryimage"},"image":{"@id":"https:\/\/rovelver.com\/tr\/iletisim\/#primaryimage"},"thumbnailUrl":"https:\/\/rovelver.com\/wp-content\/uploads\/2018\/04\/dsc_0429-3.jpg","datePublished":"2016-05-26T13:26:13+00:00","dateModified":"2022-11-29T13:24:42+00:00","description":"Good products demand good service. Therefore we look forward to getting in touch with you!","breadcrumb":{"@id":"https:\/\/rovelver.com\/tr\/iletisim\/#breadcrumb"},"inLanguage":"tr","potentialAction":[{"@type":"ReadAction","target":["https:\/\/rovelver.com\/tr\/iletisim\/"]}]},{"@type":"ImageObject","inLanguage":"tr","@id":"https:\/\/rovelver.com\/tr\/iletisim\/#primaryimage","url":"https:\/\/rovelver.com\/wp-content\/uploads\/2018\/04\/dsc_0429-3.jpg","contentUrl":"https:\/\/rovelver.com\/wp-content\/uploads\/2018\/04\/dsc_0429-3.jpg","width":2000,"height":1014},{"@type":"BreadcrumbList","@id":"https:\/\/rovelver.com\/tr\/iletisim\/#breadcrumb","itemListElement":[{"@type":"ListItem","position":1,"name":"Home","item":"https:\/\/rovelver.com\/tr\/"},{"@type":"ListItem","position":2,"name":"\u0130leti\u015fim"}]},{"@type":"WebSite","@id":"https:\/\/rovelver.com\/tr\/#website","url":"https:\/\/rovelver.com\/tr\/","name":"Rovelver Vip Auto Design","description":"Rovelver VIP Auto Design | VANS | CARS | BUS | Luxury | Sprinter | Vito manufactures the finest vip vehicle conversions in the world","potentialAction":[{"@type":"SearchAction","target":{"@type":"EntryPoint","urlTemplate":"https:\/\/rovelver.com\/tr\/?s={search_term_string}"},"query-input":{"@type":"PropertyValueSpecification","valueRequired":true,"valueName":"search_term_string"}}],"inLanguage":"tr"}]}},"_links":{"self":[{"href":"https:\/\/rovelver.com\/tr\/wp-json\/wp\/v2\/pages\/1235"}],"collection":[{"href":"https:\/\/rovelver.com\/tr\/wp-json\/wp\/v2\/pages"}],"about":[{"href":"https:\/\/rovelver.com\/tr\/wp-json\/wp\/v2\/types\/page"}],"author":[{"embeddable":true,"href":"https:\/\/rovelver.com\/tr\/wp-json\/wp\/v2\/users\/1"}],"replies":[{"embeddable":true,"href":"https:\/\/rovelver.com\/tr\/wp-json\/wp\/v2\/comments?post=1235"}],"version-history":[{"count":0,"href":"https:\/\/rovelver.com\/tr\/wp-json\/wp\/v2\/pages\/1235\/revisions"}],"wp:featuredmedia":[{"embeddable":true,"href":"https:\/\/rovelver.com\/tr\/wp-json\/wp\/v2\/media\/2955"}],"wp:attachment":[{"href":"https:\/\/rovelver.com\/tr\/wp-json\/wp\/v2\/media?parent=1235"}],"curies":[{"name":"wp","href":"https:\/\/api.w.org\/{rel}","templated":true}]}}